{"id":9082,"date":"2019-05-23T00:28:32","date_gmt":"2019-05-23T05:28:32","guid":{"rendered":"https:\/\/publiexpert.mx\/?page_id=3"},"modified":"2019-05-23T00:28:32","modified_gmt":"2019-05-23T05:28:32","slug":"politica-de-privacidad","status":"publish","type":"page","link":"https:\/\/publiexpert.mx\/en_us\/politica-de-privacidad\/","title":{"rendered":"Pol\u00edtica de Privacidad"},"content":{"rendered":"<header class=\"entry-header ast-no-thumbnail ast-no-meta\">\n<h1 class=\"entry-title wp-block-heading\">Aviso de Pol\u00edtica De Privacidad<\/h1>\n<\/header>\n<div class=\"entry-content clear\">\n<div id=\"post-1584\" class=\"post-1584 page type-page status-publish hentry group\">\n<p>Con fundamento en los art\u00ed\u00adculos 15 y 16 de la Ley Federal de Protecci\u00f3n de Datos Personales en Posesi\u00f3n de Particulares, hacemos de su conocimiento que Publiexpert.mx, es responsable de recabar sus datos personales, del uso que se le d\u00e9 a los mismos y de su protecci\u00f3n.<\/p>\n<p>&nbsp;<\/p>\n<p>Su informaci\u00f3n personal ser\u00e1 utilizada \u00fanicamente para proveer los servicios, productos e informaci\u00f3n que ha solicitado, comunicarle sobre cambios en los mismos y evaluar la calidad del servicio que le brindamos.<\/p>\n<p>&nbsp;<\/p>\n<p>Con la finalidad de cubrir este requerimiento, solicitamos obtener los datos contenidos en la\u00a0<strong>Base general de datos personales,\u00a0<\/strong>tales como:<\/p>\n<ul>\n<li>Nombre completo<\/li>\n<li>Tel\u00e9fono fijo y\/o celular<\/li>\n<li>Correo electr\u00f3nico<\/li>\n<li>Direcci\u00f3n<\/li>\n<li>RFC y\/o CURP<\/li>\n<li>Firma aut\u00f3grafa<\/li>\n<li>Contrase\u00f1as de servicios, entre otros.<\/li>\n<\/ul>\n<p>&nbsp;<\/p>\n<p>Le recordamos que de acuerdo al Art. 28 de la Ley usted tiene derecho a solicitar el Acceso, Rectificaci\u00f3n, Cancelaci\u00f3n u Oposici\u00f3n respecto de los datos personales que le conciernen; as\u00ed\u00ad como, a la revocaci\u00f3n del consentimiento que para dicho fin nos ha otorgado.<br \/>Para ello, puede dirigir su solicitud en los t\u00e9rminos que marca la Ley en su Art. 29 al Departamento de Protecci\u00f3n de Datos Personales, se comunique al tel\u00e9fono\u00a0 (55) 62251 7774 o v\u00ed\u00ada correo electr\u00f3nico a: info@publiexpert.mx , el cual solicitamos confirme v\u00ed\u00ada telef\u00f3nica para garantizar su recepci\u00f3n.<\/p>\n<p>&nbsp;<\/p>\n<p>Es importante precisar que sus datos no ser\u00e1n transferidos o tratados dentro ni fuera del pa\u00ed\u00ads, por personas, empresas, instituciones u organismos ajenos a esta empresa.<\/p>\n<p>&nbsp;<\/p>\n<p>Publiexpert.mx se reserva el derecho de cambiar, modificar y\/o complementar el presente aviso, en cualquier momento, haci\u00e9ndolo de su conocimiento a trav\u00e9s de nuestra p\u00e1gina publiexpertmxmx.staging.tempurl.host<\/p>\n<\/div>\n<\/div>\n\n    <div class=\"xs_social_share_widget xs_share_url after_content \t\tmain_content  wslu-style-1 wslu-share-box-shaped wslu-fill-colored wslu-none wslu-share-horizontal wslu-theme-font-no wslu-main_content\">\n\n\t\t\n        <ul>\n\t\t\t        <\/ul>\n    <\/div> \n","protected":false},"excerpt":{"rendered":"<p>Aviso de Pol\u00edtica De Privacidad Con fundamento en los art\u00ed\u00adculos 15 y 16 de la Ley Federal de Protecci\u00f3n de Datos Personales en Posesi\u00f3n de Particulares, hacemos de su conocimiento que Publiexpert.mx, es responsable de recabar sus datos personales, del uso que se le d\u00e9 a los mismos y de su protecci\u00f3n. &nbsp; Su informaci\u00f3n [&hellip;]<\/p>\n","protected":false},"author":1,"featured_media":0,"parent":0,"menu_order":0,"comment_status":"closed","ping_status":"closed","template":"","meta":{"footnotes":""},"class_list":["post-9082","page","type-page","status-publish","hentry"],"_links":{"self":[{"href":"https:\/\/publiexpert.mx\/en_us\/wp-json\/wp\/v2\/pages\/9082","targetHints":{"allow":["GET"]}}],"collection":[{"href":"https:\/\/publiexpert.mx\/en_us\/wp-json\/wp\/v2\/pages"}],"about":[{"href":"https:\/\/publiexpert.mx\/en_us\/wp-json\/wp\/v2\/types\/page"}],"author":[{"embeddable":true,"href":"https:\/\/publiexpert.mx\/en_us\/wp-json\/wp\/v2\/users\/1"}],"replies":[{"embeddable":true,"href":"https:\/\/publiexpert.mx\/en_us\/wp-json\/wp\/v2\/comments?post=9082"}],"version-history":[{"count":0,"href":"https:\/\/publiexpert.mx\/en_us\/wp-json\/wp\/v2\/pages\/9082\/revisions"}],"wp:attachment":[{"href":"https:\/\/publiexpert.mx\/en_us\/wp-json\/wp\/v2\/media?parent=9082"}],"curies":[{"name":"wp","href":"https:\/\/api.w.org\/{rel}","templated":true}]}}