{"id":1134,"date":"2024-02-24T23:31:21","date_gmt":"2024-02-24T23:31:21","guid":{"rendered":"https:\/\/publiexpert.mx\/?page_id=1134"},"modified":"2024-02-24T23:37:03","modified_gmt":"2024-02-24T23:37:03","slug":"email-solution","status":"publish","type":"page","link":"https:\/\/publiexpert.mx\/es\/solucion-de-correo-electronico\/","title":{"rendered":"Soluci\u00f3n de correo electr\u00f3nico"},"content":{"rendered":"<div data-elementor-type=\"wp-page\" data-elementor-id=\"1134\" class=\"elementor elementor-1134\" data-elementor-post-type=\"page\">\n\t\t\t\t\t\t<section class=\"elementor-section elementor-top-section elementor-element elementor-element-6274b2d1 elementor-section-height-min-height elementor-section-boxed elementor-section-height-default elementor-section-items-middle\" data-id=\"6274b2d1\" data-element_type=\"section\" data-e-type=\"section\" data-settings=\"{&quot;background_background&quot;:&quot;gradient&quot;,&quot;shape_divider_bottom&quot;:&quot;waves&quot;,&quot;shape_divider_bottom_negative&quot;:&quot;yes&quot;}\">\n\t\t\t\t\t\t\t<div class=\"elementor-background-overlay\"><\/div>\n\t\t\t\t\t\t<div class=\"elementor-shape elementor-shape-bottom\" aria-hidden=\"true\" data-negative=\"true\">\n\t\t\t<svg xmlns=\"http:\/\/www.w3.org\/2000\/svg\" viewbox=\"0 0 1000 100\" preserveaspectratio=\"none\">\n\t<path class=\"elementor-shape-fill\" d=\"M790.5,93.1c-59.3-5.3-116.8-18-192.6-50c-29.6-12.7-76.9-31-100.5-35.9c-23.6-4.9-52.6-7.8-75.5-5.3\tc-10.2,1.1-22.6,1.4-50.1,7.4c-27.2,6.3-58.2,16.6-79.4,24.7c-41.3,15.9-94.9,21.9-134,22.6C72,58.2,0,25.8,0,25.8V100h1000V65.3\tc0,0-51.5,19.4-106.2,25.7C839.5,97,814.1,95.2,790.5,93.1z\"\/>\n<\/svg>\t\t<\/div>\n\t\t\t\t\t<div class=\"elementor-container elementor-column-gap-default\">\n\t\t\t\t\t<div class=\"elementor-column elementor-col-100 elementor-top-column elementor-element elementor-element-77f8a041\" data-id=\"77f8a041\" data-element_type=\"column\" data-e-type=\"column\">\n\t\t\t<div class=\"elementor-widget-wrap elementor-element-populated\">\n\t\t\t\t\t\t<section class=\"elementor-section elementor-inner-section elementor-element elementor-element-72c49ddd elementor-section-height-min-height elementor-section-boxed elementor-section-height-default\" data-id=\"72c49ddd\" data-element_type=\"section\" data-e-type=\"section\">\n\t\t\t\t\t\t<div class=\"elementor-container elementor-column-gap-default\">\n\t\t\t\t\t<div class=\"elementor-column elementor-col-25 elementor-inner-column elementor-element elementor-element-4c91b748 elementor-hidden-mobile\" data-id=\"4c91b748\" data-element_type=\"column\" data-e-type=\"column\">\n\t\t\t<div class=\"elementor-widget-wrap elementor-element-populated\">\n\t\t\t\t\t\t<div class=\"elementor-element elementor-element-2b9356c1 elementor-widget__width-auto elementor-absolute elementor-widget-mobile__width-initial elementor-hidden-mobile elementor-invisible elementor-widget elementor-widget-image\" data-id=\"2b9356c1\" data-element_type=\"widget\" data-e-type=\"widget\" data-settings=\"{&quot;_position&quot;:&quot;absolute&quot;,&quot;_animation&quot;:&quot;slideInLeft&quot;}\" data-widget_type=\"image.default\">\n\t\t\t\t<div class=\"elementor-widget-container\">\n\t\t\t\t\t\t\t\t\t\t\t\t\t\t\t<img fetchpriority=\"high\" decoding=\"async\" width=\"500\" height=\"862\" src=\"https:\/\/publiexpert.mx\/wp-content\/uploads\/2023\/03\/img-page-title-10-min.png\" class=\"attachment-large size-large wp-image-181\" alt=\"\" srcset=\"https:\/\/publiexpert.mx\/wp-content\/uploads\/2023\/03\/img-page-title-10-min.png 500w, https:\/\/publiexpert.mx\/wp-content\/uploads\/2023\/03\/img-page-title-10-min-174x300.png 174w\" sizes=\"(max-width: 500px) 100vw, 500px\" \/>\t\t\t\t\t\t\t\t\t\t\t\t\t\t\t<\/div>\n\t\t\t\t<\/div>\n\t\t\t\t<div class=\"elementor-element elementor-element-2f41ee75 elementor-widget__width-auto elementor-absolute elementor-hidden-mobile elementor-invisible elementor-widget elementor-widget-image\" data-id=\"2f41ee75\" data-element_type=\"widget\" data-e-type=\"widget\" data-settings=\"{&quot;_position&quot;:&quot;absolute&quot;,&quot;_animation&quot;:&quot;slideInLeft&quot;,&quot;_animation_delay&quot;:50}\" data-widget_type=\"image.default\">\n\t\t\t\t<div class=\"elementor-widget-container\">\n\t\t\t\t\t\t\t\t\t\t\t\t\t\t\t<img decoding=\"async\" width=\"500\" height=\"639\" src=\"https:\/\/publiexpert.mx\/wp-content\/uploads\/2023\/03\/img-page-title-8-min.png\" class=\"attachment-large size-large wp-image-182\" alt=\"\" srcset=\"https:\/\/publiexpert.mx\/wp-content\/uploads\/2023\/03\/img-page-title-8-min.png 500w, https:\/\/publiexpert.mx\/wp-content\/uploads\/2023\/03\/img-page-title-8-min-235x300.png 235w\" sizes=\"(max-width: 500px) 100vw, 500px\" \/>\t\t\t\t\t\t\t\t\t\t\t\t\t\t\t<\/div>\n\t\t\t\t<\/div>\n\t\t\t\t<div class=\"elementor-element elementor-element-5f849050 elementor-widget__width-auto elementor-absolute elementor-hidden-mobile elementor-invisible elementor-widget elementor-widget-image\" data-id=\"5f849050\" data-element_type=\"widget\" data-e-type=\"widget\" data-settings=\"{&quot;_position&quot;:&quot;absolute&quot;,&quot;_animation&quot;:&quot;slideInRight&quot;,&quot;_animation_delay&quot;:100}\" data-widget_type=\"image.default\">\n\t\t\t\t<div class=\"elementor-widget-container\">\n\t\t\t\t\t\t\t\t\t\t\t\t\t\t\t<img decoding=\"async\" width=\"500\" height=\"312\" src=\"https:\/\/publiexpert.mx\/wp-content\/uploads\/2023\/03\/img-page-title-3-min.png\" class=\"attachment-large size-large wp-image-184\" alt=\"\" srcset=\"https:\/\/publiexpert.mx\/wp-content\/uploads\/2023\/03\/img-page-title-3-min.png 500w, https:\/\/publiexpert.mx\/wp-content\/uploads\/2023\/03\/img-page-title-3-min-300x187.png 300w\" sizes=\"(max-width: 500px) 100vw, 500px\" \/>\t\t\t\t\t\t\t\t\t\t\t\t\t\t\t<\/div>\n\t\t\t\t<\/div>\n\t\t\t\t\t<\/div>\n\t\t<\/div>\n\t\t\t\t<div class=\"elementor-column elementor-col-50 elementor-inner-column elementor-element elementor-element-23d9560d\" data-id=\"23d9560d\" data-element_type=\"column\" data-e-type=\"column\">\n\t\t\t<div class=\"elementor-widget-wrap elementor-element-populated\">\n\t\t\t\t\t\t<div class=\"elementor-element elementor-element-1db4d9cb elementor-widget__width-auto elementor-invisible elementor-widget elementor-widget-heading\" data-id=\"1db4d9cb\" data-element_type=\"widget\" data-e-type=\"widget\" data-settings=\"{&quot;_animation&quot;:&quot;fadeIn&quot;,&quot;_animation_delay&quot;:450}\" data-widget_type=\"heading.default\">\n\t\t\t\t<div class=\"elementor-widget-container\">\n\t\t\t\t\t<div class=\"elementor-heading-title elementor-size-xxl\">\u00bfTIENES PROBLEMAS AL USAR AWEBER, MAILCHIMP U OTROS AUTORESPUESTOS CON GMAIL?<\/div>\t\t\t\t<\/div>\n\t\t\t\t<\/div>\n\t\t\t\t\t<\/div>\n\t\t<\/div>\n\t\t\t\t<div class=\"elementor-column elementor-col-25 elementor-inner-column elementor-element elementor-element-8bafbe4 elementor-hidden-mobile\" data-id=\"8bafbe4\" data-element_type=\"column\" data-e-type=\"column\">\n\t\t\t<div class=\"elementor-widget-wrap elementor-element-populated\">\n\t\t\t\t\t\t<div class=\"elementor-element elementor-element-6021f7a9 elementor-widget__width-auto elementor-absolute animated-slow elementor-hidden-mobile elementor-invisible elementor-widget elementor-widget-image\" data-id=\"6021f7a9\" data-element_type=\"widget\" data-e-type=\"widget\" data-settings=\"{&quot;_position&quot;:&quot;absolute&quot;,&quot;_animation&quot;:&quot;slideInUp&quot;,&quot;_animation_delay&quot;:350}\" data-widget_type=\"image.default\">\n\t\t\t\t<div class=\"elementor-widget-container\">\n\t\t\t\t\t\t\t\t\t\t\t\t\t\t\t<img loading=\"lazy\" decoding=\"async\" width=\"500\" height=\"348\" src=\"https:\/\/publiexpert.mx\/wp-content\/uploads\/2023\/03\/img-page-title-1-min.png\" class=\"attachment-large size-large wp-image-186\" alt=\"\" srcset=\"https:\/\/publiexpert.mx\/wp-content\/uploads\/2023\/03\/img-page-title-1-min.png 500w, https:\/\/publiexpert.mx\/wp-content\/uploads\/2023\/03\/img-page-title-1-min-300x209.png 300w\" sizes=\"(max-width: 500px) 100vw, 500px\" \/>\t\t\t\t\t\t\t\t\t\t\t\t\t\t\t<\/div>\n\t\t\t\t<\/div>\n\t\t\t\t<div class=\"elementor-element elementor-element-7057e54d elementor-widget__width-auto elementor-absolute elementor-hidden-mobile elementor-invisible elementor-widget elementor-widget-image\" data-id=\"7057e54d\" data-element_type=\"widget\" data-e-type=\"widget\" data-settings=\"{&quot;_position&quot;:&quot;absolute&quot;,&quot;_animation&quot;:&quot;slideInDown&quot;,&quot;_animation_delay&quot;:150}\" data-widget_type=\"image.default\">\n\t\t\t\t<div class=\"elementor-widget-container\">\n\t\t\t\t\t\t\t\t\t\t\t\t\t\t\t<img loading=\"lazy\" decoding=\"async\" width=\"500\" height=\"350\" src=\"https:\/\/publiexpert.mx\/wp-content\/uploads\/2023\/03\/img-page-title-6-min.png\" class=\"attachment-large size-large wp-image-188\" alt=\"\" srcset=\"https:\/\/publiexpert.mx\/wp-content\/uploads\/2023\/03\/img-page-title-6-min.png 500w, https:\/\/publiexpert.mx\/wp-content\/uploads\/2023\/03\/img-page-title-6-min-300x210.png 300w\" sizes=\"(max-width: 500px) 100vw, 500px\" \/>\t\t\t\t\t\t\t\t\t\t\t\t\t\t\t<\/div>\n\t\t\t\t<\/div>\n\t\t\t\t<div class=\"elementor-element elementor-element-5621421a elementor-widget__width-auto elementor-absolute elementor-hidden-mobile elementor-invisible elementor-widget elementor-widget-image\" data-id=\"5621421a\" data-element_type=\"widget\" data-e-type=\"widget\" data-settings=\"{&quot;_position&quot;:&quot;absolute&quot;,&quot;_animation&quot;:&quot;slideInRight&quot;,&quot;_animation_delay&quot;:250}\" data-widget_type=\"image.default\">\n\t\t\t\t<div class=\"elementor-widget-container\">\n\t\t\t\t\t\t\t\t\t\t\t\t\t\t\t<img loading=\"lazy\" decoding=\"async\" width=\"500\" height=\"494\" src=\"https:\/\/publiexpert.mx\/wp-content\/uploads\/2023\/03\/img-page-title-2-min.png\" class=\"attachment-large size-large wp-image-189\" alt=\"\" srcset=\"https:\/\/publiexpert.mx\/wp-content\/uploads\/2023\/03\/img-page-title-2-min.png 500w, https:\/\/publiexpert.mx\/wp-content\/uploads\/2023\/03\/img-page-title-2-min-100x100.png 100w, https:\/\/publiexpert.mx\/wp-content\/uploads\/2023\/03\/img-page-title-2-min-300x296.png 300w\" sizes=\"(max-width: 500px) 100vw, 500px\" \/>\t\t\t\t\t\t\t\t\t\t\t\t\t\t\t<\/div>\n\t\t\t\t<\/div>\n\t\t\t\t<div class=\"elementor-element elementor-element-4c9c551a elementor-widget__width-auto elementor-absolute elementor-hidden-mobile elementor-invisible elementor-widget elementor-widget-image\" data-id=\"4c9c551a\" data-element_type=\"widget\" data-e-type=\"widget\" data-settings=\"{&quot;_position&quot;:&quot;absolute&quot;,&quot;_animation&quot;:&quot;slideInRight&quot;,&quot;_animation_delay&quot;:300}\" data-widget_type=\"image.default\">\n\t\t\t\t<div class=\"elementor-widget-container\">\n\t\t\t\t\t\t\t\t\t\t\t\t\t\t\t<img loading=\"lazy\" decoding=\"async\" width=\"460\" height=\"1024\" src=\"https:\/\/publiexpert.mx\/wp-content\/uploads\/2023\/03\/img-page-title-7-min-460x1024.png\" class=\"attachment-large size-large wp-image-191\" alt=\"\" srcset=\"https:\/\/publiexpert.mx\/wp-content\/uploads\/2023\/03\/img-page-title-7-min-460x1024.png 460w, https:\/\/publiexpert.mx\/wp-content\/uploads\/2023\/03\/img-page-title-7-min-135x300.png 135w, https:\/\/publiexpert.mx\/wp-content\/uploads\/2023\/03\/img-page-title-7-min.png 500w\" sizes=\"(max-width: 460px) 100vw, 460px\" \/>\t\t\t\t\t\t\t\t\t\t\t\t\t\t\t<\/div>\n\t\t\t\t<\/div>\n\t\t\t\t<div class=\"elementor-element elementor-element-7fc3b1a elementor-widget__width-auto elementor-absolute elementor-hidden-mobile elementor-invisible elementor-widget elementor-widget-image\" data-id=\"7fc3b1a\" data-element_type=\"widget\" data-e-type=\"widget\" data-settings=\"{&quot;_position&quot;:&quot;absolute&quot;,&quot;_animation&quot;:&quot;zoomIn&quot;,&quot;_animation_delay&quot;:800}\" data-widget_type=\"image.default\">\n\t\t\t\t<div class=\"elementor-widget-container\">\n\t\t\t\t\t\t\t\t\t\t\t\t\t\t\t<img loading=\"lazy\" decoding=\"async\" width=\"500\" height=\"464\" src=\"https:\/\/publiexpert.mx\/wp-content\/uploads\/2023\/03\/img-page-title-9-min.png\" class=\"attachment-large size-large wp-image-194\" alt=\"\" srcset=\"https:\/\/publiexpert.mx\/wp-content\/uploads\/2023\/03\/img-page-title-9-min.png 500w, https:\/\/publiexpert.mx\/wp-content\/uploads\/2023\/03\/img-page-title-9-min-300x278.png 300w\" sizes=\"(max-width: 500px) 100vw, 500px\" \/>\t\t\t\t\t\t\t\t\t\t\t\t\t\t\t<\/div>\n\t\t\t\t<\/div>\n\t\t\t\t<div class=\"elementor-element elementor-element-4eb7dbec elementor-widget__width-auto elementor-absolute elementor-hidden-mobile elementor-invisible elementor-widget elementor-widget-image\" data-id=\"4eb7dbec\" data-element_type=\"widget\" data-e-type=\"widget\" data-settings=\"{&quot;_position&quot;:&quot;absolute&quot;,&quot;_animation&quot;:&quot;zoomIn&quot;,&quot;_animation_delay&quot;:800}\" data-widget_type=\"image.default\">\n\t\t\t\t<div class=\"elementor-widget-container\">\n\t\t\t\t\t\t\t\t\t\t\t\t\t\t\t<img loading=\"lazy\" decoding=\"async\" width=\"500\" height=\"464\" src=\"https:\/\/publiexpert.mx\/wp-content\/uploads\/2023\/03\/img-page-title-9-min.png\" class=\"attachment-large size-large wp-image-194\" alt=\"\" srcset=\"https:\/\/publiexpert.mx\/wp-content\/uploads\/2023\/03\/img-page-title-9-min.png 500w, https:\/\/publiexpert.mx\/wp-content\/uploads\/2023\/03\/img-page-title-9-min-300x278.png 300w\" sizes=\"(max-width: 500px) 100vw, 500px\" \/>\t\t\t\t\t\t\t\t\t\t\t\t\t\t\t<\/div>\n\t\t\t\t<\/div>\n\t\t\t\t<div class=\"elementor-element elementor-element-75b544f5 elementor-widget__width-auto elementor-absolute elementor-hidden-mobile elementor-invisible elementor-widget elementor-widget-image\" data-id=\"75b544f5\" data-element_type=\"widget\" data-e-type=\"widget\" data-settings=\"{&quot;_position&quot;:&quot;absolute&quot;,&quot;_animation&quot;:&quot;zoomIn&quot;,&quot;_animation_delay&quot;:200}\" data-widget_type=\"image.default\">\n\t\t\t\t<div class=\"elementor-widget-container\">\n\t\t\t\t\t\t\t\t\t\t\t\t\t\t\t<img loading=\"lazy\" decoding=\"async\" width=\"500\" height=\"464\" src=\"https:\/\/publiexpert.mx\/wp-content\/uploads\/2023\/03\/img-page-title-9-min.png\" class=\"attachment-large size-large wp-image-194\" alt=\"\" srcset=\"https:\/\/publiexpert.mx\/wp-content\/uploads\/2023\/03\/img-page-title-9-min.png 500w, https:\/\/publiexpert.mx\/wp-content\/uploads\/2023\/03\/img-page-title-9-min-300x278.png 300w\" sizes=\"(max-width: 500px) 100vw, 500px\" \/>\t\t\t\t\t\t\t\t\t\t\t\t\t\t\t<\/div>\n\t\t\t\t<\/div>\n\t\t\t\t\t<\/div>\n\t\t<\/div>\n\t\t\t\t\t<\/div>\n\t\t<\/section>\n\t\t\t\t\t<\/div>\n\t\t<\/div>\n\t\t\t\t\t<\/div>\n\t\t<\/section>\n\t\t\t\t<section class=\"elementor-section elementor-top-section elementor-element elementor-element-4826dbfb elementor-section-content-middle elementor-section-boxed elementor-section-height-default elementor-section-height-default\" data-id=\"4826dbfb\" data-element_type=\"section\" data-e-type=\"section\" data-settings=\"{&quot;background_background&quot;:&quot;classic&quot;}\">\n\t\t\t\t\t\t\t<div class=\"elementor-background-overlay\"><\/div>\n\t\t\t\t\t\t\t<div class=\"elementor-container elementor-column-gap-no\">\n\t\t\t\t\t<div class=\"elementor-column elementor-col-100 elementor-top-column elementor-element elementor-element-420dfe5e\" data-id=\"420dfe5e\" data-element_type=\"column\" data-e-type=\"column\">\n\t\t\t<div class=\"elementor-widget-wrap elementor-element-populated\">\n\t\t\t\t\t\t<div class=\"elementor-element elementor-element-0e20941 elementor-widget elementor-widget-heading\" data-id=\"0e20941\" data-element_type=\"widget\" data-e-type=\"widget\" data-widget_type=\"heading.default\">\n\t\t\t\t<div class=\"elementor-widget-container\">\n\t\t\t\t\t<h2 class=\"elementor-heading-title elementor-size-default\">\u00bfYa no puedes utilizar tu autorespondedor?<\/h2>\t\t\t\t<\/div>\n\t\t\t\t<\/div>\n\t\t\t\t<div class=\"elementor-element elementor-element-5dafd1a elementor-widget elementor-widget-text-editor\" data-id=\"5dafd1a\" data-element_type=\"widget\" data-e-type=\"widget\" data-widget_type=\"text-editor.default\">\n\t\t\t\t<div class=\"elementor-widget-container\">\n\t\t\t\t\t\t\t\t\t<p style=\"text-align: left;\">Las reglas han cambiado y ahora ya no puedes utilizar tu sistema de marketing por correo electr\u00f3nico o de respuesta autom\u00e1tica porque necesitas un correo electr\u00f3nico profesional.<\/p>\t\t\t\t\t\t\t\t<\/div>\n\t\t\t\t<\/div>\n\t\t\t\t<div class=\"elementor-element elementor-element-7e133d8 elementor-widget elementor-widget-heading\" data-id=\"7e133d8\" data-element_type=\"widget\" data-e-type=\"widget\" data-widget_type=\"heading.default\">\n\t\t\t\t<div class=\"elementor-widget-container\">\n\t\t\t\t\t<h2 class=\"elementor-heading-title elementor-size-default\">Podr\u00edamos hacer que esta p\u00e1gina de ventas sea m\u00e1s larga. <\/h2>\t\t\t\t<\/div>\n\t\t\t\t<\/div>\n\t\t\t\t<div class=\"elementor-element elementor-element-47176ba elementor-widget elementor-widget-text-editor\" data-id=\"47176ba\" data-element_type=\"widget\" data-e-type=\"widget\" data-widget_type=\"text-editor.default\">\n\t\t\t\t<div class=\"elementor-widget-container\">\n\t\t\t\t\t\t\t\t\t<p>Seamos honestos, necesitas la soluci\u00f3n ahora.\u00a0<\/p><p>Contamos con servicios de correo electr\u00f3nico profesionales con tu dominio.\u00a0\u00a0<\/p><p>Y podemos solucionar su problema en menos de 1 d\u00eda.<\/p><p>Por un precio fijo.<\/p><p>1 USD al mes por cada bandeja de entrada de 10 GB para cada cuenta de correo electr\u00f3nico (le ayudaremos a configurar su dominio)<\/p><p>27 USD para configurar todo en su sistema.\u00a0<\/p><p>No hay nada m\u00e1s sencillo ni m\u00e1s f\u00e1cil que esto.<\/p><p>\u00a1Perm\u00edtanos ayudarle ahora!<\/p><p>Cont\u00e1ctanos para que podamos comenzar a ayudarte ahora.\u00a0<\/p><p>https:\/\/wa.me\/+525562517774<\/p>\t\t\t\t\t\t\t\t<\/div>\n\t\t\t\t<\/div>\n\t\t\t\t\t<\/div>\n\t\t<\/div>\n\t\t\t\t\t<\/div>\n\t\t<\/section>\n\t\t\t\t<\/div>\n\t\t\n    <div class=\"xs_social_share_widget xs_share_url after_content \t\tmain_content  wslu-style-1 wslu-share-box-shaped wslu-fill-colored wslu-none wslu-share-horizontal wslu-theme-font-no wslu-main_content\">\n\n\t\t\n        <ul>\n\t\t\t        <\/ul>\n    <\/div>","protected":false},"excerpt":{"rendered":"<p>DO YOU HAVE PROBLEMS USING AWEBER, MAILCHIMP OR OTHER AUTORESPONDERS WITH GMAIL? Are you no longer able to use your autoresponder? The rules have changed and now you are no longer able to use your email marketing or autoresponder system because you need a professional email. We could make this sales page longer Let&#8217;s be [&hellip;]<\/p>\n","protected":false},"author":1,"featured_media":0,"parent":0,"menu_order":0,"comment_status":"closed","ping_status":"closed","template":"","meta":{"footnotes":""},"class_list":["post-1134","page","type-page","status-publish","hentry"],"_links":{"self":[{"href":"https:\/\/publiexpert.mx\/es\/wp-json\/wp\/v2\/pages\/1134","targetHints":{"allow":["GET"]}}],"collection":[{"href":"https:\/\/publiexpert.mx\/es\/wp-json\/wp\/v2\/pages"}],"about":[{"href":"https:\/\/publiexpert.mx\/es\/wp-json\/wp\/v2\/types\/page"}],"author":[{"embeddable":true,"href":"https:\/\/publiexpert.mx\/es\/wp-json\/wp\/v2\/users\/1"}],"replies":[{"embeddable":true,"href":"https:\/\/publiexpert.mx\/es\/wp-json\/wp\/v2\/comments?post=1134"}],"version-history":[{"count":0,"href":"https:\/\/publiexpert.mx\/es\/wp-json\/wp\/v2\/pages\/1134\/revisions"}],"wp:attachment":[{"href":"https:\/\/publiexpert.mx\/es\/wp-json\/wp\/v2\/media?parent=1134"}],"curies":[{"name":"gracias","href":"https:\/\/api.w.org\/{rel}","templated":true}]}}