{"id":1205,"date":"2024-03-06T16:15:39","date_gmt":"2024-03-06T16:15:39","guid":{"rendered":"https:\/\/publiexpert.mx\/?page_id=1205"},"modified":"2024-03-06T18:36:55","modified_gmt":"2024-03-06T18:36:55","slug":"contextual-ads","status":"publish","type":"page","link":"https:\/\/publiexpert.mx\/es\/servicios\/anuncios-contextuales\/","title":{"rendered":"Anuncios contextuales"},"content":{"rendered":"<div data-elementor-type=\"wp-page\" data-elementor-id=\"1205\" class=\"elementor elementor-1205\" data-elementor-post-type=\"page\">\n\t\t\t\t\t\t<section class=\"elementor-section elementor-top-section elementor-element elementor-element-6274b2d1 elementor-section-height-min-height elementor-section-boxed elementor-section-height-default elementor-section-items-middle\" data-id=\"6274b2d1\" data-element_type=\"section\" data-e-type=\"section\" data-settings=\"{&quot;background_background&quot;:&quot;gradient&quot;,&quot;shape_divider_bottom&quot;:&quot;waves&quot;,&quot;shape_divider_bottom_negative&quot;:&quot;yes&quot;}\">\n\t\t\t\t\t\t\t<div class=\"elementor-background-overlay\"><\/div>\n\t\t\t\t\t\t<div class=\"elementor-shape elementor-shape-bottom\" aria-hidden=\"true\" data-negative=\"true\">\n\t\t\t<svg xmlns=\"http:\/\/www.w3.org\/2000\/svg\" viewbox=\"0 0 1000 100\" preserveaspectratio=\"none\">\n\t<path class=\"elementor-shape-fill\" d=\"M790.5,93.1c-59.3-5.3-116.8-18-192.6-50c-29.6-12.7-76.9-31-100.5-35.9c-23.6-4.9-52.6-7.8-75.5-5.3\tc-10.2,1.1-22.6,1.4-50.1,7.4c-27.2,6.3-58.2,16.6-79.4,24.7c-41.3,15.9-94.9,21.9-134,22.6C72,58.2,0,25.8,0,25.8V100h1000V65.3\tc0,0-51.5,19.4-106.2,25.7C839.5,97,814.1,95.2,790.5,93.1z\"\/>\n<\/svg>\t\t<\/div>\n\t\t\t\t\t<div class=\"elementor-container elementor-column-gap-default\">\n\t\t\t\t\t<div class=\"elementor-column elementor-col-100 elementor-top-column elementor-element elementor-element-77f8a041\" data-id=\"77f8a041\" data-element_type=\"column\" data-e-type=\"column\">\n\t\t\t<div class=\"elementor-widget-wrap elementor-element-populated\">\n\t\t\t\t\t\t<section class=\"elementor-section elementor-inner-section elementor-element elementor-element-72c49ddd elementor-section-height-min-height elementor-section-boxed elementor-section-height-default\" data-id=\"72c49ddd\" data-element_type=\"section\" data-e-type=\"section\">\n\t\t\t\t\t\t<div class=\"elementor-container elementor-column-gap-default\">\n\t\t\t\t\t<div class=\"elementor-column elementor-col-25 elementor-inner-column elementor-element elementor-element-4c91b748 elementor-hidden-mobile\" data-id=\"4c91b748\" data-element_type=\"column\" data-e-type=\"column\">\n\t\t\t<div class=\"elementor-widget-wrap elementor-element-populated\">\n\t\t\t\t\t\t<div class=\"elementor-element elementor-element-2b9356c1 elementor-widget__width-auto elementor-absolute elementor-widget-mobile__width-initial elementor-hidden-mobile elementor-invisible elementor-widget elementor-widget-image\" data-id=\"2b9356c1\" data-element_type=\"widget\" data-e-type=\"widget\" data-settings=\"{&quot;_position&quot;:&quot;absolute&quot;,&quot;_animation&quot;:&quot;slideInLeft&quot;}\" data-widget_type=\"image.default\">\n\t\t\t\t<div class=\"elementor-widget-container\">\n\t\t\t\t\t\t\t\t\t\t\t\t\t\t\t<img fetchpriority=\"high\" decoding=\"async\" width=\"500\" height=\"862\" src=\"https:\/\/publiexpert.mx\/wp-content\/uploads\/2023\/03\/img-page-title-10-min.png\" class=\"attachment-large size-large wp-image-181\" alt=\"\" srcset=\"https:\/\/publiexpert.mx\/wp-content\/uploads\/2023\/03\/img-page-title-10-min.png 500w, https:\/\/publiexpert.mx\/wp-content\/uploads\/2023\/03\/img-page-title-10-min-174x300.png 174w\" sizes=\"(max-width: 500px) 100vw, 500px\" \/>\t\t\t\t\t\t\t\t\t\t\t\t\t\t\t<\/div>\n\t\t\t\t<\/div>\n\t\t\t\t<div class=\"elementor-element elementor-element-2f41ee75 elementor-widget__width-auto elementor-absolute elementor-hidden-mobile elementor-invisible elementor-widget elementor-widget-image\" data-id=\"2f41ee75\" data-element_type=\"widget\" data-e-type=\"widget\" data-settings=\"{&quot;_position&quot;:&quot;absolute&quot;,&quot;_animation&quot;:&quot;slideInLeft&quot;,&quot;_animation_delay&quot;:50}\" data-widget_type=\"image.default\">\n\t\t\t\t<div class=\"elementor-widget-container\">\n\t\t\t\t\t\t\t\t\t\t\t\t\t\t\t<img decoding=\"async\" width=\"500\" height=\"639\" src=\"https:\/\/publiexpert.mx\/wp-content\/uploads\/2023\/03\/img-page-title-8-min.png\" class=\"attachment-large size-large wp-image-182\" alt=\"\" srcset=\"https:\/\/publiexpert.mx\/wp-content\/uploads\/2023\/03\/img-page-title-8-min.png 500w, https:\/\/publiexpert.mx\/wp-content\/uploads\/2023\/03\/img-page-title-8-min-235x300.png 235w\" sizes=\"(max-width: 500px) 100vw, 500px\" \/>\t\t\t\t\t\t\t\t\t\t\t\t\t\t\t<\/div>\n\t\t\t\t<\/div>\n\t\t\t\t<div class=\"elementor-element elementor-element-5f849050 elementor-widget__width-auto elementor-absolute elementor-hidden-mobile elementor-invisible elementor-widget elementor-widget-image\" data-id=\"5f849050\" data-element_type=\"widget\" data-e-type=\"widget\" data-settings=\"{&quot;_position&quot;:&quot;absolute&quot;,&quot;_animation&quot;:&quot;slideInRight&quot;,&quot;_animation_delay&quot;:100}\" data-widget_type=\"image.default\">\n\t\t\t\t<div class=\"elementor-widget-container\">\n\t\t\t\t\t\t\t\t\t\t\t\t\t\t\t<img decoding=\"async\" width=\"500\" height=\"312\" src=\"https:\/\/publiexpert.mx\/wp-content\/uploads\/2023\/03\/img-page-title-3-min.png\" class=\"attachment-large size-large wp-image-184\" alt=\"\" srcset=\"https:\/\/publiexpert.mx\/wp-content\/uploads\/2023\/03\/img-page-title-3-min.png 500w, https:\/\/publiexpert.mx\/wp-content\/uploads\/2023\/03\/img-page-title-3-min-300x187.png 300w\" sizes=\"(max-width: 500px) 100vw, 500px\" \/>\t\t\t\t\t\t\t\t\t\t\t\t\t\t\t<\/div>\n\t\t\t\t<\/div>\n\t\t\t\t\t<\/div>\n\t\t<\/div>\n\t\t\t\t<div class=\"elementor-column elementor-col-50 elementor-inner-column elementor-element elementor-element-23d9560d\" data-id=\"23d9560d\" data-element_type=\"column\" data-e-type=\"column\">\n\t\t\t<div class=\"elementor-widget-wrap elementor-element-populated\">\n\t\t\t\t\t\t\t<\/div>\n\t\t<\/div>\n\t\t\t\t<div class=\"elementor-column elementor-col-25 elementor-inner-column elementor-element elementor-element-8bafbe4 elementor-hidden-mobile\" data-id=\"8bafbe4\" data-element_type=\"column\" data-e-type=\"column\">\n\t\t\t<div class=\"elementor-widget-wrap elementor-element-populated\">\n\t\t\t\t\t\t<div class=\"elementor-element elementor-element-6021f7a9 elementor-widget__width-auto elementor-absolute animated-slow elementor-hidden-mobile elementor-invisible elementor-widget elementor-widget-image\" data-id=\"6021f7a9\" data-element_type=\"widget\" data-e-type=\"widget\" data-settings=\"{&quot;_position&quot;:&quot;absolute&quot;,&quot;_animation&quot;:&quot;slideInUp&quot;,&quot;_animation_delay&quot;:350}\" data-widget_type=\"image.default\">\n\t\t\t\t<div class=\"elementor-widget-container\">\n\t\t\t\t\t\t\t\t\t\t\t\t\t\t\t<img loading=\"lazy\" decoding=\"async\" width=\"500\" height=\"348\" src=\"https:\/\/publiexpert.mx\/wp-content\/uploads\/2023\/03\/img-page-title-1-min.png\" class=\"attachment-large size-large wp-image-186\" alt=\"\" srcset=\"https:\/\/publiexpert.mx\/wp-content\/uploads\/2023\/03\/img-page-title-1-min.png 500w, https:\/\/publiexpert.mx\/wp-content\/uploads\/2023\/03\/img-page-title-1-min-300x209.png 300w\" sizes=\"(max-width: 500px) 100vw, 500px\" \/>\t\t\t\t\t\t\t\t\t\t\t\t\t\t\t<\/div>\n\t\t\t\t<\/div>\n\t\t\t\t<div class=\"elementor-element elementor-element-7057e54d elementor-widget__width-auto elementor-absolute elementor-hidden-mobile elementor-invisible elementor-widget elementor-widget-image\" data-id=\"7057e54d\" data-element_type=\"widget\" data-e-type=\"widget\" data-settings=\"{&quot;_position&quot;:&quot;absolute&quot;,&quot;_animation&quot;:&quot;slideInDown&quot;,&quot;_animation_delay&quot;:150}\" data-widget_type=\"image.default\">\n\t\t\t\t<div class=\"elementor-widget-container\">\n\t\t\t\t\t\t\t\t\t\t\t\t\t\t\t<img loading=\"lazy\" decoding=\"async\" width=\"500\" height=\"350\" src=\"https:\/\/publiexpert.mx\/wp-content\/uploads\/2023\/03\/img-page-title-6-min.png\" class=\"attachment-large size-large wp-image-188\" alt=\"\" srcset=\"https:\/\/publiexpert.mx\/wp-content\/uploads\/2023\/03\/img-page-title-6-min.png 500w, https:\/\/publiexpert.mx\/wp-content\/uploads\/2023\/03\/img-page-title-6-min-300x210.png 300w\" sizes=\"(max-width: 500px) 100vw, 500px\" \/>\t\t\t\t\t\t\t\t\t\t\t\t\t\t\t<\/div>\n\t\t\t\t<\/div>\n\t\t\t\t<div class=\"elementor-element elementor-element-5621421a elementor-widget__width-auto elementor-absolute elementor-hidden-mobile elementor-invisible elementor-widget elementor-widget-image\" data-id=\"5621421a\" data-element_type=\"widget\" data-e-type=\"widget\" data-settings=\"{&quot;_position&quot;:&quot;absolute&quot;,&quot;_animation&quot;:&quot;slideInRight&quot;,&quot;_animation_delay&quot;:250}\" data-widget_type=\"image.default\">\n\t\t\t\t<div class=\"elementor-widget-container\">\n\t\t\t\t\t\t\t\t\t\t\t\t\t\t\t<img loading=\"lazy\" decoding=\"async\" width=\"500\" height=\"494\" src=\"https:\/\/publiexpert.mx\/wp-content\/uploads\/2023\/03\/img-page-title-2-min.png\" class=\"attachment-large size-large wp-image-189\" alt=\"\" srcset=\"https:\/\/publiexpert.mx\/wp-content\/uploads\/2023\/03\/img-page-title-2-min.png 500w, https:\/\/publiexpert.mx\/wp-content\/uploads\/2023\/03\/img-page-title-2-min-100x100.png 100w, https:\/\/publiexpert.mx\/wp-content\/uploads\/2023\/03\/img-page-title-2-min-300x296.png 300w\" sizes=\"(max-width: 500px) 100vw, 500px\" \/>\t\t\t\t\t\t\t\t\t\t\t\t\t\t\t<\/div>\n\t\t\t\t<\/div>\n\t\t\t\t<div class=\"elementor-element elementor-element-4c9c551a elementor-widget__width-auto elementor-absolute elementor-hidden-mobile elementor-invisible elementor-widget elementor-widget-image\" data-id=\"4c9c551a\" data-element_type=\"widget\" data-e-type=\"widget\" data-settings=\"{&quot;_position&quot;:&quot;absolute&quot;,&quot;_animation&quot;:&quot;slideInRight&quot;,&quot;_animation_delay&quot;:300}\" data-widget_type=\"image.default\">\n\t\t\t\t<div class=\"elementor-widget-container\">\n\t\t\t\t\t\t\t\t\t\t\t\t\t\t\t<img loading=\"lazy\" decoding=\"async\" width=\"460\" height=\"1024\" src=\"https:\/\/publiexpert.mx\/wp-content\/uploads\/2023\/03\/img-page-title-7-min-460x1024.png\" class=\"attachment-large size-large wp-image-191\" alt=\"\" srcset=\"https:\/\/publiexpert.mx\/wp-content\/uploads\/2023\/03\/img-page-title-7-min-460x1024.png 460w, https:\/\/publiexpert.mx\/wp-content\/uploads\/2023\/03\/img-page-title-7-min-135x300.png 135w, https:\/\/publiexpert.mx\/wp-content\/uploads\/2023\/03\/img-page-title-7-min.png 500w\" sizes=\"(max-width: 460px) 100vw, 460px\" \/>\t\t\t\t\t\t\t\t\t\t\t\t\t\t\t<\/div>\n\t\t\t\t<\/div>\n\t\t\t\t<div class=\"elementor-element elementor-element-7fc3b1a elementor-widget__width-auto elementor-absolute elementor-hidden-mobile elementor-invisible elementor-widget elementor-widget-image\" data-id=\"7fc3b1a\" data-element_type=\"widget\" data-e-type=\"widget\" data-settings=\"{&quot;_position&quot;:&quot;absolute&quot;,&quot;_animation&quot;:&quot;zoomIn&quot;,&quot;_animation_delay&quot;:800}\" data-widget_type=\"image.default\">\n\t\t\t\t<div class=\"elementor-widget-container\">\n\t\t\t\t\t\t\t\t\t\t\t\t\t\t\t<img loading=\"lazy\" decoding=\"async\" width=\"500\" height=\"464\" src=\"https:\/\/publiexpert.mx\/wp-content\/uploads\/2023\/03\/img-page-title-9-min.png\" class=\"attachment-large size-large wp-image-194\" alt=\"\" srcset=\"https:\/\/publiexpert.mx\/wp-content\/uploads\/2023\/03\/img-page-title-9-min.png 500w, https:\/\/publiexpert.mx\/wp-content\/uploads\/2023\/03\/img-page-title-9-min-300x278.png 300w\" sizes=\"(max-width: 500px) 100vw, 500px\" \/>\t\t\t\t\t\t\t\t\t\t\t\t\t\t\t<\/div>\n\t\t\t\t<\/div>\n\t\t\t\t<div class=\"elementor-element elementor-element-4eb7dbec elementor-widget__width-auto elementor-absolute elementor-hidden-mobile elementor-invisible elementor-widget elementor-widget-image\" data-id=\"4eb7dbec\" data-element_type=\"widget\" data-e-type=\"widget\" data-settings=\"{&quot;_position&quot;:&quot;absolute&quot;,&quot;_animation&quot;:&quot;zoomIn&quot;,&quot;_animation_delay&quot;:800}\" data-widget_type=\"image.default\">\n\t\t\t\t<div class=\"elementor-widget-container\">\n\t\t\t\t\t\t\t\t\t\t\t\t\t\t\t<img loading=\"lazy\" decoding=\"async\" width=\"500\" height=\"464\" src=\"https:\/\/publiexpert.mx\/wp-content\/uploads\/2023\/03\/img-page-title-9-min.png\" class=\"attachment-large size-large wp-image-194\" alt=\"\" srcset=\"https:\/\/publiexpert.mx\/wp-content\/uploads\/2023\/03\/img-page-title-9-min.png 500w, https:\/\/publiexpert.mx\/wp-content\/uploads\/2023\/03\/img-page-title-9-min-300x278.png 300w\" sizes=\"(max-width: 500px) 100vw, 500px\" \/>\t\t\t\t\t\t\t\t\t\t\t\t\t\t\t<\/div>\n\t\t\t\t<\/div>\n\t\t\t\t<div class=\"elementor-element elementor-element-75b544f5 elementor-widget__width-auto elementor-absolute elementor-hidden-mobile elementor-invisible elementor-widget elementor-widget-image\" data-id=\"75b544f5\" data-element_type=\"widget\" data-e-type=\"widget\" data-settings=\"{&quot;_position&quot;:&quot;absolute&quot;,&quot;_animation&quot;:&quot;zoomIn&quot;,&quot;_animation_delay&quot;:200}\" data-widget_type=\"image.default\">\n\t\t\t\t<div class=\"elementor-widget-container\">\n\t\t\t\t\t\t\t\t\t\t\t\t\t\t\t<img loading=\"lazy\" decoding=\"async\" width=\"500\" height=\"464\" src=\"https:\/\/publiexpert.mx\/wp-content\/uploads\/2023\/03\/img-page-title-9-min.png\" class=\"attachment-large size-large wp-image-194\" alt=\"\" srcset=\"https:\/\/publiexpert.mx\/wp-content\/uploads\/2023\/03\/img-page-title-9-min.png 500w, https:\/\/publiexpert.mx\/wp-content\/uploads\/2023\/03\/img-page-title-9-min-300x278.png 300w\" sizes=\"(max-width: 500px) 100vw, 500px\" \/>\t\t\t\t\t\t\t\t\t\t\t\t\t\t\t<\/div>\n\t\t\t\t<\/div>\n\t\t\t\t\t<\/div>\n\t\t<\/div>\n\t\t\t\t\t<\/div>\n\t\t<\/section>\n\t\t\t\t\t<\/div>\n\t\t<\/div>\n\t\t\t\t\t<\/div>\n\t\t<\/section>\n\t\t\t\t<section class=\"elementor-section elementor-top-section elementor-element elementor-element-4826dbfb elementor-section-content-middle elementor-section-boxed elementor-section-height-default elementor-section-height-default\" data-id=\"4826dbfb\" data-element_type=\"section\" data-e-type=\"section\" data-settings=\"{&quot;background_background&quot;:&quot;classic&quot;}\">\n\t\t\t\t\t\t\t<div class=\"elementor-background-overlay\"><\/div>\n\t\t\t\t\t\t\t<div class=\"elementor-container elementor-column-gap-no\">\n\t\t\t\t\t<div class=\"elementor-column elementor-col-100 elementor-top-column elementor-element elementor-element-420dfe5e\" data-id=\"420dfe5e\" data-element_type=\"column\" data-e-type=\"column\">\n\t\t\t<div class=\"elementor-widget-wrap elementor-element-populated\">\n\t\t\t\t\t\t<section class=\"elementor-section elementor-inner-section elementor-element elementor-element-5043818 elementor-section-boxed elementor-section-height-default elementor-section-height-default\" data-id=\"5043818\" data-element_type=\"section\" data-e-type=\"section\">\n\t\t\t\t\t\t<div class=\"elementor-container elementor-column-gap-extended\">\n\t\t\t\t\t<div class=\"elementor-column elementor-col-50 elementor-inner-column elementor-element elementor-element-36a22dd6\" data-id=\"36a22dd6\" data-element_type=\"column\" data-e-type=\"column\">\n\t\t\t<div class=\"elementor-widget-wrap elementor-element-populated\">\n\t\t\t\t\t\t<div class=\"elementor-element elementor-element-15254203 elementor-invisible elementor-widget elementor-widget-text-editor\" data-id=\"15254203\" data-element_type=\"widget\" data-e-type=\"widget\" data-settings=\"{&quot;_animation&quot;:&quot;fadeInDown&quot;}\" data-widget_type=\"text-editor.default\">\n\t\t\t\t<div class=\"elementor-widget-container\">\n\t\t\t\t\t\t\t\t\t<p>Estamos certificados\u00a0<\/p>\t\t\t\t\t\t\t\t<\/div>\n\t\t\t\t<\/div>\n\t\t\t\t<div class=\"elementor-element elementor-element-26a3f456 animated-slow elementor-invisible elementor-widget elementor-widget-heading\" data-id=\"26a3f456\" data-element_type=\"widget\" data-e-type=\"widget\" data-settings=\"{&quot;_animation&quot;:&quot;fadeIn&quot;,&quot;_animation_delay&quot;:600}\" data-widget_type=\"heading.default\">\n\t\t\t\t<div class=\"elementor-widget-container\">\n\t\t\t\t\t<h2 class=\"elementor-heading-title elementor-size-default\">Anuncios contextuales<\/h2>\t\t\t\t<\/div>\n\t\t\t\t<\/div>\n\t\t\t\t<div class=\"elementor-element elementor-element-7009d8a0 elementor-widget elementor-widget-image\" data-id=\"7009d8a0\" data-element_type=\"widget\" data-e-type=\"widget\" data-widget_type=\"image.default\">\n\t\t\t\t<div class=\"elementor-widget-container\">\n\t\t\t\t\t\t\t\t\t\t\t\t\t\t\t\t<a href=\"https:\/\/publiexpert.mx\/wp-content\/uploads\/2024\/03\/gumgumcert.png\" data-elementor-open-lightbox=\"yes\" data-elementor-lightbox-title=\"gumgumcert\" data-e-action-hash=\"#elementor-action%3Aaction%3Dlightbox%26settings%3DeyJpZCI6MTIwNiwidXJsIjoiaHR0cHM6XC9cL3B1YmxpZXhwZXJ0Lm14XC93cC1jb250ZW50XC91cGxvYWRzXC8yMDI0XC8wM1wvZ3VtZ3VtY2VydC5wbmcifQ%3D%3D\">\n\t\t\t\t\t\t\t<img loading=\"lazy\" decoding=\"async\" width=\"300\" height=\"215\" src=\"https:\/\/publiexpert.mx\/wp-content\/uploads\/2024\/03\/gumgumcert-300x215.png\" class=\"elementor-animation-shrink attachment-medium size-medium wp-image-1206\" alt=\"\" srcset=\"https:\/\/publiexpert.mx\/wp-content\/uploads\/2024\/03\/gumgumcert-300x215.png 300w, https:\/\/publiexpert.mx\/wp-content\/uploads\/2024\/03\/gumgumcert-600x431.png 600w, https:\/\/publiexpert.mx\/wp-content\/uploads\/2024\/03\/gumgumcert.png 765w\" sizes=\"(max-width: 300px) 100vw, 300px\" \/>\t\t\t\t\t\t\t\t<\/a>\n\t\t\t\t\t\t\t\t\t\t\t\t\t\t\t<\/div>\n\t\t\t\t<\/div>\n\t\t\t\t<div class=\"elementor-element elementor-element-ca5fdb5 elementor-widget elementor-widget-text-editor\" data-id=\"ca5fdb5\" data-element_type=\"widget\" data-e-type=\"widget\" data-widget_type=\"text-editor.default\">\n\t\t\t\t<div class=\"elementor-widget-container\">\n\t\t\t\t\t\t\t\t\t<p>Contamos con Certificaci\u00f3n en Publicidad Contextual por la Universidad gumgum.<\/p><p>Haga clic en el bot\u00f3n para validarlo<\/p>\t\t\t\t\t\t\t\t<\/div>\n\t\t\t\t<\/div>\n\t\t\t\t<div class=\"elementor-element elementor-element-e11cabf elementor-align-center elementor-widget elementor-widget-button\" data-id=\"e11cabf\" data-element_type=\"widget\" data-e-type=\"widget\" data-widget_type=\"button.default\">\n\t\t\t\t<div class=\"elementor-widget-container\">\n\t\t\t\t\t\t\t\t\t<div class=\"elementor-button-wrapper\">\n\t\t\t\t\t<a class=\"elementor-button elementor-button-link elementor-size-sm\" href=\"https:\/\/university.gumgum.com\/certificates\/dr80jpajc8\" target=\"_blank\" rel=\"noopener\">\n\t\t\t\t\t\t<span class=\"elementor-button-content-wrapper\">\n\t\t\t\t\t\t\t\t\t<span class=\"elementor-button-text\">haga clic aqu\u00ed<\/span>\n\t\t\t\t\t<\/span>\n\t\t\t\t\t<\/a>\n\t\t\t\t<\/div>\n\t\t\t\t\t\t\t\t<\/div>\n\t\t\t\t<\/div>\n\t\t\t\t\t<\/div>\n\t\t<\/div>\n\t\t\t\t<div class=\"elementor-column elementor-col-50 elementor-inner-column elementor-element elementor-element-6371a2ba\" data-id=\"6371a2ba\" data-element_type=\"column\" data-e-type=\"column\">\n\t\t\t<div class=\"elementor-widget-wrap elementor-element-populated\">\n\t\t\t\t\t\t<div class=\"elementor-element elementor-element-1dfe635d elementor-drop-cap-yes elementor-drop-cap-view-stacked elementor-widget elementor-widget-text-editor\" data-id=\"1dfe635d\" data-element_type=\"widget\" data-e-type=\"widget\" data-settings=\"{&quot;drop_cap&quot;:&quot;yes&quot;}\" data-widget_type=\"text-editor.default\">\n\t\t\t\t<div class=\"elementor-widget-container\">\n\t\t\t\t\t\t\t\t\t<div data-pm-slice=\"1 1 []\" data-en-clipboard=\"true\"><p>El servicio de anuncios contextuales de PubliExpert: revolucionando la publicidad<\/p><p>\u00a0<\/p><p>En el vertiginoso mundo del marketing digital, mantenerse a la vanguardia es crucial para que las empresas lleguen eficazmente a su p\u00fablico objetivo. El servicio de Anuncios Contextuales de PubliExpert revoluciona el mundo de la publicidad online, ofreciendo un enfoque \u00fanico e innovador que lo distingue de los m\u00e9todos publicitarios tradicionales.<\/p><h4><strong>Descripci\u00f3n de anuncios contextuales:<\/strong><\/h4><p>El Servicio de Anuncios Contextuales de PubliExpert es una soluci\u00f3n publicitaria de vanguardia que muestra anuncios basados en el contenido de la p\u00e1gina web que el usuario visualiza. A diferencia de los anuncios tradicionales, que se basan en la segmentaci\u00f3n demogr\u00e1fica, los anuncios contextuales se adaptan a los intereses y necesidades espec\u00edficos del usuario en ese momento. Este enfoque din\u00e1mico garantiza que los anuncios mostrados sean relevantes y atractivos, mejorando la experiencia del usuario y aumentando la probabilidad de conversi\u00f3n.<\/p><h4><strong>Ventajas y beneficios de los anuncios contextuales:<\/strong><\/h4><p>1. <strong>Pertinencia:<\/strong>\u00a0Los anuncios contextuales son muy relevantes para los intereses actuales del usuario, lo que genera mayores tasas de participaci\u00f3n y de clics.<br \/>2. <strong>Objetivo de precisi\u00f3n:<\/strong>\u00a0Al analizar el contenido de la p\u00e1gina en tiempo real, el servicio de PubliExpert garantiza que los anuncios se muestren a la audiencia m\u00e1s relevante.<br \/>3. <strong>Rentable:<\/strong>\u00a0Con anuncios contextuales, las empresas pueden maximizar su presupuesto publicitario al llegar a los usuarios que buscan activamente contenido relacionado.<br \/>4. <strong>Experiencia de usuario mejorada:<\/strong>\u00a0Los anuncios contextuales se combinan perfectamente con el contenido, proporcionando una experiencia publicitaria no intrusiva para los usuarios.<\/p><p>\u00a0<\/p><p><strong>Lo que debes tener en cuenta sobre los anuncios contextuales:<\/strong><\/p><p>\u2013 Los anuncios contextuales ofrecen un enfoque personalizado y espec\u00edfico a la publicidad.<br \/>\u2013 El servicio de PubliExpert aprovecha tecnolog\u00eda avanzada para ofrecer anuncios en tiempo real seg\u00fan la intenci\u00f3n del usuario.<br \/>\u2013 Las empresas pueden beneficiarse de una mayor participaci\u00f3n y tasas de conversi\u00f3n con publicidad contextual.<\/p><p>Adopte el futuro de la publicidad con el servicio de Anuncios Contextuales de PubliExpert. Mejore su estrategia de marketing, conecte con su audiencia a un nivel m\u00e1s profundo y obtenga resultados significativos para su negocio. Cont\u00e1ctenos hoy mismo para saber m\u00e1s sobre c\u00f3mo los anuncios contextuales pueden transformar sus campa\u00f1as publicitarias en l\u00ednea.<\/p><p>En conclusi\u00f3n, el Servicio de Anuncios Contextuales de PubliExpert es una herramienta potente que permite a las empresas llegar a su p\u00fablico objetivo con precisi\u00f3n y relevancia. Al aprovechar el potencial de la publicidad contextual, las empresas pueden descubrir nuevas oportunidades de crecimiento y \u00e9xito en el mundo digital. Experimente la diferencia y aproveche al m\u00e1ximo el potencial de sus estrategias de publicidad online con PubliExpert.<\/p><p>Cont\u00e1ctenos y comencemos a trabajar en anuncios contextuales para su negocio.<\/p><\/div>\t\t\t\t\t\t\t\t<\/div>\n\t\t\t\t<\/div>\n\t\t\t\t<div class=\"elementor-element elementor-element-c3073f8 elementor-widget elementor-widget-button\" data-id=\"c3073f8\" data-element_type=\"widget\" data-e-type=\"widget\" data-widget_type=\"button.default\">\n\t\t\t\t<div class=\"elementor-widget-container\">\n\t\t\t\t\t\t\t\t\t<div class=\"elementor-button-wrapper\">\n\t\t\t\t\t<a class=\"elementor-button elementor-button-link elementor-size-sm\" href=\"https:\/\/publiexpert.mx\/es\/contacto-2\/\">\n\t\t\t\t\t\t<span class=\"elementor-button-content-wrapper\">\n\t\t\t\t\t\t\t\t\t<span class=\"elementor-button-text\">\u00a1Cont\u00e1ctanos ahora!<\/span>\n\t\t\t\t\t<\/span>\n\t\t\t\t\t<\/a>\n\t\t\t\t<\/div>\n\t\t\t\t\t\t\t\t<\/div>\n\t\t\t\t<\/div>\n\t\t\t\t\t<\/div>\n\t\t<\/div>\n\t\t\t\t\t<\/div>\n\t\t<\/section>\n\t\t\t\t\t<\/div>\n\t\t<\/div>\n\t\t\t\t\t<\/div>\n\t\t<\/section>\n\t\t\t\t<\/div>\n\t\t\n    <div class=\"xs_social_share_widget xs_share_url after_content \t\tmain_content  wslu-style-1 wslu-share-box-shaped wslu-fill-colored wslu-none wslu-share-horizontal wslu-theme-font-no wslu-main_content\">\n\n\t\t\n        <ul>\n\t\t\t        <\/ul>\n    <\/div>","protected":false},"excerpt":{"rendered":"<p>We are certified\u00a0 Contextual Ads We have a Contextual Advertising Certification by gumgum University. Click the button to validate it Click here PubliExpert&#8217;s Contextual Ads Service: Revolutionizing Advertising \u00a0 In the fast-paced world of digital marketing, staying ahead of the curve is crucial for businesses to reach their target audience effectively. PubliExpert&#8217;s Contextual Ads Service [&hellip;]<\/p>\n","protected":false},"author":1,"featured_media":0,"parent":384,"menu_order":0,"comment_status":"closed","ping_status":"closed","template":"","meta":{"footnotes":""},"class_list":["post-1205","page","type-page","status-publish","hentry"],"_links":{"self":[{"href":"https:\/\/publiexpert.mx\/es\/wp-json\/wp\/v2\/pages\/1205","targetHints":{"allow":["GET"]}}],"collection":[{"href":"https:\/\/publiexpert.mx\/es\/wp-json\/wp\/v2\/pages"}],"about":[{"href":"https:\/\/publiexpert.mx\/es\/wp-json\/wp\/v2\/types\/page"}],"author":[{"embeddable":true,"href":"https:\/\/publiexpert.mx\/es\/wp-json\/wp\/v2\/users\/1"}],"replies":[{"embeddable":true,"href":"https:\/\/publiexpert.mx\/es\/wp-json\/wp\/v2\/comments?post=1205"}],"version-history":[{"count":0,"href":"https:\/\/publiexpert.mx\/es\/wp-json\/wp\/v2\/pages\/1205\/revisions"}],"up":[{"embeddable":true,"href":"https:\/\/publiexpert.mx\/es\/wp-json\/wp\/v2\/pages\/384"}],"wp:attachment":[{"href":"https:\/\/publiexpert.mx\/es\/wp-json\/wp\/v2\/media?parent=1205"}],"curies":[{"name":"gracias","href":"https:\/\/api.w.org\/{rel}","templated":true}]}}