{"id":336,"date":"2023-03-29T15:07:16","date_gmt":"2023-03-29T15:07:16","guid":{"rendered":"https:\/\/publiexpert.mx\/?page_id=336"},"modified":"2023-03-29T15:09:48","modified_gmt":"2023-03-29T15:09:48","slug":"privacy-policy-2","status":"publish","type":"page","link":"https:\/\/publiexpert.mx\/es\/politica-de-privacidad-2\/","title":{"rendered":"pol\u00edtica de privacidad"},"content":{"rendered":"<div data-elementor-type=\"wp-page\" data-elementor-id=\"336\" class=\"elementor elementor-336\" data-elementor-post-type=\"page\">\n\t\t\t\t\t\t<section class=\"elementor-section elementor-top-section elementor-element elementor-element-5b1add8 elementor-section-height-min-height elementor-section-boxed elementor-section-height-default elementor-section-items-middle\" data-id=\"5b1add8\" data-element_type=\"section\" data-e-type=\"section\" data-settings=\"{&quot;background_background&quot;:&quot;gradient&quot;,&quot;shape_divider_bottom&quot;:&quot;waves&quot;,&quot;shape_divider_bottom_negative&quot;:&quot;yes&quot;}\">\n\t\t\t\t\t\t\t<div class=\"elementor-background-overlay\"><\/div>\n\t\t\t\t\t\t<div class=\"elementor-shape elementor-shape-bottom\" aria-hidden=\"true\" data-negative=\"true\">\n\t\t\t<svg xmlns=\"http:\/\/www.w3.org\/2000\/svg\" viewbox=\"0 0 1000 100\" preserveaspectratio=\"none\">\n\t<path class=\"elementor-shape-fill\" d=\"M790.5,93.1c-59.3-5.3-116.8-18-192.6-50c-29.6-12.7-76.9-31-100.5-35.9c-23.6-4.9-52.6-7.8-75.5-5.3\tc-10.2,1.1-22.6,1.4-50.1,7.4c-27.2,6.3-58.2,16.6-79.4,24.7c-41.3,15.9-94.9,21.9-134,22.6C72,58.2,0,25.8,0,25.8V100h1000V65.3\tc0,0-51.5,19.4-106.2,25.7C839.5,97,814.1,95.2,790.5,93.1z\"\/>\n<\/svg>\t\t<\/div>\n\t\t\t\t\t<div class=\"elementor-container elementor-column-gap-default\">\n\t\t\t\t\t<div class=\"elementor-column elementor-col-100 elementor-top-column elementor-element elementor-element-6b72e945\" data-id=\"6b72e945\" data-element_type=\"column\" data-e-type=\"column\">\n\t\t\t<div class=\"elementor-widget-wrap elementor-element-populated\">\n\t\t\t\t\t\t<section class=\"elementor-section elementor-inner-section elementor-element elementor-element-71e5b1c elementor-section-height-min-height elementor-section-boxed elementor-section-height-default\" data-id=\"71e5b1c\" data-element_type=\"section\" data-e-type=\"section\">\n\t\t\t\t\t\t<div class=\"elementor-container elementor-column-gap-default\">\n\t\t\t\t\t<div class=\"elementor-column elementor-col-25 elementor-inner-column elementor-element elementor-element-7c92c3b elementor-hidden-mobile\" data-id=\"7c92c3b\" data-element_type=\"column\" data-e-type=\"column\">\n\t\t\t<div class=\"elementor-widget-wrap elementor-element-populated\">\n\t\t\t\t\t\t<div class=\"elementor-element elementor-element-5242661e elementor-widget__width-auto elementor-absolute elementor-widget-mobile__width-initial elementor-hidden-mobile elementor-invisible elementor-widget elementor-widget-image\" data-id=\"5242661e\" data-element_type=\"widget\" data-e-type=\"widget\" data-settings=\"{&quot;_position&quot;:&quot;absolute&quot;,&quot;_animation&quot;:&quot;slideInLeft&quot;}\" data-widget_type=\"image.default\">\n\t\t\t\t<div class=\"elementor-widget-container\">\n\t\t\t\t\t\t\t\t\t\t\t\t\t\t\t<img fetchpriority=\"high\" decoding=\"async\" width=\"500\" height=\"862\" src=\"https:\/\/publiexpert.mx\/wp-content\/uploads\/2023\/03\/img-page-title-10-min.png\" class=\"attachment-large size-large wp-image-181\" alt=\"\" srcset=\"https:\/\/publiexpert.mx\/wp-content\/uploads\/2023\/03\/img-page-title-10-min.png 500w, https:\/\/publiexpert.mx\/wp-content\/uploads\/2023\/03\/img-page-title-10-min-174x300.png 174w\" sizes=\"(max-width: 500px) 100vw, 500px\" \/>\t\t\t\t\t\t\t\t\t\t\t\t\t\t\t<\/div>\n\t\t\t\t<\/div>\n\t\t\t\t<div class=\"elementor-element elementor-element-272eb2af elementor-widget__width-auto elementor-absolute elementor-hidden-mobile elementor-invisible elementor-widget elementor-widget-image\" data-id=\"272eb2af\" data-element_type=\"widget\" data-e-type=\"widget\" data-settings=\"{&quot;_position&quot;:&quot;absolute&quot;,&quot;_animation&quot;:&quot;slideInLeft&quot;,&quot;_animation_delay&quot;:50}\" data-widget_type=\"image.default\">\n\t\t\t\t<div class=\"elementor-widget-container\">\n\t\t\t\t\t\t\t\t\t\t\t\t\t\t\t<img decoding=\"async\" width=\"500\" height=\"639\" src=\"https:\/\/publiexpert.mx\/wp-content\/uploads\/2023\/03\/img-page-title-8-min.png\" class=\"attachment-large size-large wp-image-182\" alt=\"\" srcset=\"https:\/\/publiexpert.mx\/wp-content\/uploads\/2023\/03\/img-page-title-8-min.png 500w, https:\/\/publiexpert.mx\/wp-content\/uploads\/2023\/03\/img-page-title-8-min-235x300.png 235w\" sizes=\"(max-width: 500px) 100vw, 500px\" \/>\t\t\t\t\t\t\t\t\t\t\t\t\t\t\t<\/div>\n\t\t\t\t<\/div>\n\t\t\t\t<div class=\"elementor-element elementor-element-390d23d elementor-widget__width-auto elementor-absolute elementor-hidden-mobile elementor-invisible elementor-widget elementor-widget-image\" data-id=\"390d23d\" data-element_type=\"widget\" data-e-type=\"widget\" data-settings=\"{&quot;_position&quot;:&quot;absolute&quot;,&quot;_animation&quot;:&quot;slideInRight&quot;,&quot;_animation_delay&quot;:100}\" data-widget_type=\"image.default\">\n\t\t\t\t<div class=\"elementor-widget-container\">\n\t\t\t\t\t\t\t\t\t\t\t\t\t\t\t<img decoding=\"async\" width=\"500\" height=\"312\" src=\"https:\/\/publiexpert.mx\/wp-content\/uploads\/2023\/03\/img-page-title-3-min.png\" class=\"attachment-large size-large wp-image-184\" alt=\"\" srcset=\"https:\/\/publiexpert.mx\/wp-content\/uploads\/2023\/03\/img-page-title-3-min.png 500w, https:\/\/publiexpert.mx\/wp-content\/uploads\/2023\/03\/img-page-title-3-min-300x187.png 300w\" sizes=\"(max-width: 500px) 100vw, 500px\" \/>\t\t\t\t\t\t\t\t\t\t\t\t\t\t\t<\/div>\n\t\t\t\t<\/div>\n\t\t\t\t\t<\/div>\n\t\t<\/div>\n\t\t\t\t<div class=\"elementor-column elementor-col-50 elementor-inner-column elementor-element elementor-element-29d2a48f\" data-id=\"29d2a48f\" data-element_type=\"column\" data-e-type=\"column\">\n\t\t\t<div class=\"elementor-widget-wrap elementor-element-populated\">\n\t\t\t\t\t\t\t<\/div>\n\t\t<\/div>\n\t\t\t\t<div class=\"elementor-column elementor-col-25 elementor-inner-column elementor-element elementor-element-2f08ebcd elementor-hidden-mobile\" data-id=\"2f08ebcd\" data-element_type=\"column\" data-e-type=\"column\">\n\t\t\t<div class=\"elementor-widget-wrap elementor-element-populated\">\n\t\t\t\t\t\t<div class=\"elementor-element elementor-element-30679fed elementor-widget__width-auto elementor-absolute animated-slow elementor-hidden-mobile elementor-invisible elementor-widget elementor-widget-image\" data-id=\"30679fed\" data-element_type=\"widget\" data-e-type=\"widget\" data-settings=\"{&quot;_position&quot;:&quot;absolute&quot;,&quot;_animation&quot;:&quot;slideInUp&quot;,&quot;_animation_delay&quot;:350}\" data-widget_type=\"image.default\">\n\t\t\t\t<div class=\"elementor-widget-container\">\n\t\t\t\t\t\t\t\t\t\t\t\t\t\t\t<img loading=\"lazy\" decoding=\"async\" width=\"500\" height=\"348\" src=\"https:\/\/publiexpert.mx\/wp-content\/uploads\/2023\/03\/img-page-title-1-min.png\" class=\"attachment-large size-large wp-image-186\" alt=\"\" srcset=\"https:\/\/publiexpert.mx\/wp-content\/uploads\/2023\/03\/img-page-title-1-min.png 500w, https:\/\/publiexpert.mx\/wp-content\/uploads\/2023\/03\/img-page-title-1-min-300x209.png 300w\" sizes=\"(max-width: 500px) 100vw, 500px\" \/>\t\t\t\t\t\t\t\t\t\t\t\t\t\t\t<\/div>\n\t\t\t\t<\/div>\n\t\t\t\t<div class=\"elementor-element elementor-element-27689c00 elementor-widget__width-auto elementor-absolute elementor-hidden-mobile elementor-invisible elementor-widget elementor-widget-image\" data-id=\"27689c00\" data-element_type=\"widget\" data-e-type=\"widget\" data-settings=\"{&quot;_position&quot;:&quot;absolute&quot;,&quot;_animation&quot;:&quot;slideInDown&quot;,&quot;_animation_delay&quot;:150}\" data-widget_type=\"image.default\">\n\t\t\t\t<div class=\"elementor-widget-container\">\n\t\t\t\t\t\t\t\t\t\t\t\t\t\t\t<img loading=\"lazy\" decoding=\"async\" width=\"500\" height=\"350\" src=\"https:\/\/publiexpert.mx\/wp-content\/uploads\/2023\/03\/img-page-title-6-min.png\" class=\"attachment-large size-large wp-image-188\" alt=\"\" srcset=\"https:\/\/publiexpert.mx\/wp-content\/uploads\/2023\/03\/img-page-title-6-min.png 500w, https:\/\/publiexpert.mx\/wp-content\/uploads\/2023\/03\/img-page-title-6-min-300x210.png 300w\" sizes=\"(max-width: 500px) 100vw, 500px\" \/>\t\t\t\t\t\t\t\t\t\t\t\t\t\t\t<\/div>\n\t\t\t\t<\/div>\n\t\t\t\t<div class=\"elementor-element elementor-element-389f3e39 elementor-widget__width-auto elementor-absolute elementor-hidden-mobile elementor-invisible elementor-widget elementor-widget-image\" data-id=\"389f3e39\" data-element_type=\"widget\" data-e-type=\"widget\" data-settings=\"{&quot;_position&quot;:&quot;absolute&quot;,&quot;_animation&quot;:&quot;slideInRight&quot;,&quot;_animation_delay&quot;:250}\" data-widget_type=\"image.default\">\n\t\t\t\t<div class=\"elementor-widget-container\">\n\t\t\t\t\t\t\t\t\t\t\t\t\t\t\t<img loading=\"lazy\" decoding=\"async\" width=\"500\" height=\"494\" src=\"https:\/\/publiexpert.mx\/wp-content\/uploads\/2023\/03\/img-page-title-2-min.png\" class=\"attachment-large size-large wp-image-189\" alt=\"\" srcset=\"https:\/\/publiexpert.mx\/wp-content\/uploads\/2023\/03\/img-page-title-2-min.png 500w, https:\/\/publiexpert.mx\/wp-content\/uploads\/2023\/03\/img-page-title-2-min-100x100.png 100w, https:\/\/publiexpert.mx\/wp-content\/uploads\/2023\/03\/img-page-title-2-min-300x296.png 300w\" sizes=\"(max-width: 500px) 100vw, 500px\" \/>\t\t\t\t\t\t\t\t\t\t\t\t\t\t\t<\/div>\n\t\t\t\t<\/div>\n\t\t\t\t<div class=\"elementor-element elementor-element-42604db6 elementor-widget__width-auto elementor-absolute elementor-hidden-mobile elementor-invisible elementor-widget elementor-widget-image\" data-id=\"42604db6\" data-element_type=\"widget\" data-e-type=\"widget\" data-settings=\"{&quot;_position&quot;:&quot;absolute&quot;,&quot;_animation&quot;:&quot;slideInRight&quot;,&quot;_animation_delay&quot;:300}\" data-widget_type=\"image.default\">\n\t\t\t\t<div class=\"elementor-widget-container\">\n\t\t\t\t\t\t\t\t\t\t\t\t\t\t\t<img loading=\"lazy\" decoding=\"async\" width=\"460\" height=\"1024\" src=\"https:\/\/publiexpert.mx\/wp-content\/uploads\/2023\/03\/img-page-title-7-min-460x1024.png\" class=\"attachment-large size-large wp-image-191\" alt=\"\" srcset=\"https:\/\/publiexpert.mx\/wp-content\/uploads\/2023\/03\/img-page-title-7-min-460x1024.png 460w, https:\/\/publiexpert.mx\/wp-content\/uploads\/2023\/03\/img-page-title-7-min-135x300.png 135w, https:\/\/publiexpert.mx\/wp-content\/uploads\/2023\/03\/img-page-title-7-min.png 500w\" sizes=\"(max-width: 460px) 100vw, 460px\" \/>\t\t\t\t\t\t\t\t\t\t\t\t\t\t\t<\/div>\n\t\t\t\t<\/div>\n\t\t\t\t<div class=\"elementor-element elementor-element-5975f771 elementor-widget__width-auto elementor-absolute elementor-hidden-mobile elementor-invisible elementor-widget elementor-widget-image\" data-id=\"5975f771\" data-element_type=\"widget\" data-e-type=\"widget\" data-settings=\"{&quot;_position&quot;:&quot;absolute&quot;,&quot;_animation&quot;:&quot;zoomIn&quot;,&quot;_animation_delay&quot;:800}\" data-widget_type=\"image.default\">\n\t\t\t\t<div class=\"elementor-widget-container\">\n\t\t\t\t\t\t\t\t\t\t\t\t\t\t\t<img loading=\"lazy\" decoding=\"async\" width=\"500\" height=\"464\" src=\"https:\/\/publiexpert.mx\/wp-content\/uploads\/2023\/03\/img-page-title-9-min.png\" class=\"attachment-large size-large wp-image-194\" alt=\"\" srcset=\"https:\/\/publiexpert.mx\/wp-content\/uploads\/2023\/03\/img-page-title-9-min.png 500w, https:\/\/publiexpert.mx\/wp-content\/uploads\/2023\/03\/img-page-title-9-min-300x278.png 300w\" sizes=\"(max-width: 500px) 100vw, 500px\" \/>\t\t\t\t\t\t\t\t\t\t\t\t\t\t\t<\/div>\n\t\t\t\t<\/div>\n\t\t\t\t<div class=\"elementor-element elementor-element-75ca266d elementor-widget__width-auto elementor-absolute elementor-hidden-mobile elementor-invisible elementor-widget elementor-widget-image\" data-id=\"75ca266d\" data-element_type=\"widget\" data-e-type=\"widget\" data-settings=\"{&quot;_position&quot;:&quot;absolute&quot;,&quot;_animation&quot;:&quot;zoomIn&quot;,&quot;_animation_delay&quot;:800}\" data-widget_type=\"image.default\">\n\t\t\t\t<div class=\"elementor-widget-container\">\n\t\t\t\t\t\t\t\t\t\t\t\t\t\t\t<img loading=\"lazy\" decoding=\"async\" width=\"500\" height=\"464\" src=\"https:\/\/publiexpert.mx\/wp-content\/uploads\/2023\/03\/img-page-title-9-min.png\" class=\"attachment-large size-large wp-image-194\" alt=\"\" srcset=\"https:\/\/publiexpert.mx\/wp-content\/uploads\/2023\/03\/img-page-title-9-min.png 500w, https:\/\/publiexpert.mx\/wp-content\/uploads\/2023\/03\/img-page-title-9-min-300x278.png 300w\" sizes=\"(max-width: 500px) 100vw, 500px\" \/>\t\t\t\t\t\t\t\t\t\t\t\t\t\t\t<\/div>\n\t\t\t\t<\/div>\n\t\t\t\t<div class=\"elementor-element elementor-element-d48c301 elementor-widget__width-auto elementor-absolute elementor-hidden-mobile elementor-invisible elementor-widget elementor-widget-image\" data-id=\"d48c301\" data-element_type=\"widget\" data-e-type=\"widget\" data-settings=\"{&quot;_position&quot;:&quot;absolute&quot;,&quot;_animation&quot;:&quot;zoomIn&quot;,&quot;_animation_delay&quot;:200}\" data-widget_type=\"image.default\">\n\t\t\t\t<div class=\"elementor-widget-container\">\n\t\t\t\t\t\t\t\t\t\t\t\t\t\t\t<img loading=\"lazy\" decoding=\"async\" width=\"500\" height=\"464\" src=\"https:\/\/publiexpert.mx\/wp-content\/uploads\/2023\/03\/img-page-title-9-min.png\" class=\"attachment-large size-large wp-image-194\" alt=\"\" srcset=\"https:\/\/publiexpert.mx\/wp-content\/uploads\/2023\/03\/img-page-title-9-min.png 500w, https:\/\/publiexpert.mx\/wp-content\/uploads\/2023\/03\/img-page-title-9-min-300x278.png 300w\" sizes=\"(max-width: 500px) 100vw, 500px\" \/>\t\t\t\t\t\t\t\t\t\t\t\t\t\t\t<\/div>\n\t\t\t\t<\/div>\n\t\t\t\t\t<\/div>\n\t\t<\/div>\n\t\t\t\t\t<\/div>\n\t\t<\/section>\n\t\t\t\t\t<\/div>\n\t\t<\/div>\n\t\t\t\t\t<\/div>\n\t\t<\/section>\n\t\t\t\t<section class=\"elementor-section elementor-top-section elementor-element elementor-element-1a5cc72 elementor-section-boxed elementor-section-height-default elementor-section-height-default\" data-id=\"1a5cc72\" data-element_type=\"section\" data-e-type=\"section\">\n\t\t\t\t\t\t<div class=\"elementor-container elementor-column-gap-default\">\n\t\t\t\t\t<div class=\"elementor-column elementor-col-100 elementor-top-column elementor-element elementor-element-21ae5af\" data-id=\"21ae5af\" data-element_type=\"column\" data-e-type=\"column\">\n\t\t\t<div class=\"elementor-widget-wrap elementor-element-populated\">\n\t\t\t\t\t\t<div class=\"elementor-element elementor-element-de4be04 elementor-widget elementor-widget-text-editor\" data-id=\"de4be04\" data-element_type=\"widget\" data-e-type=\"widget\" data-widget_type=\"text-editor.default\">\n\t\t\t\t<div class=\"elementor-widget-container\">\n\t\t\t\t\t\t\t\t\t<p>Pol\u00edtica de privacidad de PubliExpert<\/p>\n<p>Esta Pol\u00edtica de Privacidad describe c\u00f3mo se recopila, utiliza y comparte su informaci\u00f3n personal cuando visita o realiza una compra en https:\/\/publiexpert.mx (el \u201cSitio\u201d).<\/p>\n<p>INFORMACI\u00d3N PERSONAL QUE RECOPILAMOS<\/p>\n<p>Cuando visita el Sitio, recopilamos autom\u00e1ticamente cierta informaci\u00f3n sobre su dispositivo, incluyendo informaci\u00f3n sobre su navegador web, direcci\u00f3n IP, zona horaria y algunas cookies instaladas en su dispositivo. Adem\u00e1s, mientras navega por el Sitio, recopilamos informaci\u00f3n sobre las p\u00e1ginas web o productos que visita, los sitios web o t\u00e9rminos de b\u00fasqueda que lo redireccionaron al Sitio e informaci\u00f3n sobre c\u00f3mo interact\u00faa con \u00e9l. A esta informaci\u00f3n recopilada autom\u00e1ticamente la denominamos &quot;Informaci\u00f3n del Dispositivo&quot;.<\/p>\n<p>Recopilamos informaci\u00f3n del dispositivo utilizando las siguientes tecnolog\u00edas:<\/p>\n<p>Las cookies son archivos de datos que se almacenan en su dispositivo o computadora y suelen incluir un identificador \u00fanico an\u00f3nimo. Para obtener m\u00e1s informaci\u00f3n sobre las cookies y c\u00f3mo desactivarlas, visite http:\/\/www.allaboutcookies.org.<br>\u2013 Los \u201carchivos de registro\u201d rastrean las acciones que ocurren en el Sitio y recopilan datos que incluyen su direcci\u00f3n IP, tipo de navegador, proveedor de servicios de Internet, p\u00e1ginas de referencia\/salida y marcas de fecha\/hora.<br>\u2013 Las \u201cbalizas web\u201d, las \u201cetiquetas\u201d y los \u201cp\u00edxeles\u201d son archivos electr\u00f3nicos que se utilizan para registrar informaci\u00f3n sobre c\u00f3mo navega por el Sitio.<br><br>Adem\u00e1s, cuando realiza o intenta realizar una compra a trav\u00e9s del Sitio, recopilamos cierta informaci\u00f3n suya, como su nombre, direcci\u00f3n de facturaci\u00f3n, direcci\u00f3n de env\u00edo, informaci\u00f3n de pago (incluidos los n\u00fameros de tarjeta de cr\u00e9dito), direcci\u00f3n de correo electr\u00f3nico y n\u00famero de tel\u00e9fono. Esta informaci\u00f3n se denomina &quot;Informaci\u00f3n del Pedido&quot;.<\/p>\n<p><span style=\"color: var( --e-global-color-text ); font-family: var( --e-global-typography-text-font-family ), Sans-serif; font-size: var( --e-global-typography-text-font-size ); font-style: var( --e-global-typography-text-font-style ); font-weight: var( --e-global-typography-text-font-weight );\">Cuando hablamos de \u201cInformaci\u00f3n personal\u201d en esta Pol\u00edtica de privacidad, nos referimos tanto a la Informaci\u00f3n del dispositivo como a la Informaci\u00f3n del pedido.<\/span><br><\/p>\n<p>\u00bfC\u00d3MO UTILIZAMOS SU INFORMACI\u00d3N PERSONAL?<\/p>\n<p>Utilizamos la Informaci\u00f3n del Pedido que recopilamos generalmente para procesar cualquier pedido realizado a trav\u00e9s del Sitio (lo que incluye procesar su informaci\u00f3n de pago, gestionar el env\u00edo y proporcionarle facturas o confirmaciones de pedido). Adem\u00e1s, utilizamos esta Informaci\u00f3n del Pedido para:<br>Comunicarnos contigo;<br>Examinar nuestros pedidos para detectar posibles riesgos o fraudes; y<br>Cuando est\u00e9 en l\u00ednea con las preferencias que ha compartido con nosotros, proporcionarle informaci\u00f3n o publicidad relacionada con nuestros productos o servicios.<br>Utilizamos la informaci\u00f3n del dispositivo que recopilamos para ayudarnos a detectar posibles riesgos y fraudes (en particular, su direcci\u00f3n IP) y, de forma m\u00e1s general, para mejorar y optimizar nuestro sitio (por ejemplo, generando an\u00e1lisis sobre c\u00f3mo nuestros clientes navegan e interact\u00faan con el sitio, y para evaluar el \u00e9xito de nuestras campa\u00f1as de marketing y publicidad).<br><br><\/p><p>COMPARTIENDO SU INFORMACI\u00d3N PERSONAL<\/p>\n<p>Compartimos su informaci\u00f3n personal con terceros para que nos ayuden a usarla, como se describe anteriormente. Por ejemplo, utilizamos Shopify para gestionar nuestra tienda en l\u00ednea. Puede obtener m\u00e1s informaci\u00f3n sobre c\u00f3mo Shopify utiliza su informaci\u00f3n personal aqu\u00ed: https:\/\/www.shopify.com\/legal\/privacy. Tambi\u00e9n utilizamos Google Analytics para comprender c\u00f3mo nuestros clientes utilizan el sitio. Puede obtener m\u00e1s informaci\u00f3n sobre c\u00f3mo Google utiliza su informaci\u00f3n personal aqu\u00ed: https:\/\/www.google.com\/intl\/en\/policies\/privacy\/. Tambi\u00e9n puede desactivar Google Analytics aqu\u00ed: https:\/\/tools.google.com\/dlpage\/gaoptout.<\/p>\n<p>Por \u00faltimo, tambi\u00e9n podemos compartir su informaci\u00f3n personal para cumplir con las leyes y regulaciones aplicables, para responder a una citaci\u00f3n, orden de allanamiento u otra solicitud legal de informaci\u00f3n que recibamos, o para proteger nuestros derechos.<br><br><\/p><p>PUBLICIDAD CONDUCTUAL<br>Como se describi\u00f3 anteriormente, utilizamos su informaci\u00f3n personal para ofrecerle anuncios o comunicaciones de marketing espec\u00edficos que creemos que pueden ser de su inter\u00e9s. Para obtener m\u00e1s informaci\u00f3n sobre c\u00f3mo funciona la publicidad dirigida, puede visitar la p\u00e1gina educativa de la Iniciativa de Publicidad en Red (NAI) en http:\/\/www.networkadvertising.org\/understanding-online-advertising\/how-does-it-work.<\/p>\n<p>Puede optar por no recibir publicidad dirigida mediante:<br>LOS ENLACES COMUNES INCLUYEN:<br>FACEBOOK \u2013 https:\/\/www.facebook.com\/settings\/?tab=ads<br>GOOGLE \u2013 https:\/\/www.google.com\/settings\/ads\/anonymous<br>BING \u2013 https:\/\/advertise.bingads.microsoft.com\/en-us\/resources\/policies\/personalized-ads<br><br><\/p><p>Adem\u00e1s, puede optar por no participar en algunos de estos servicios visitando el portal de exclusi\u00f3n voluntaria de Digital Advertising Alliance en: http:\/\/optout.aboutads.info\/.<\/p>\n<p>NO SEGUIR<br>Tenga en cuenta que no modificamos las pr\u00e1cticas de recopilaci\u00f3n y uso de datos de nuestro Sitio cuando vemos una se\u00f1al de No rastrear desde su navegador.<\/p>\n<p><span style=\"color: var( --e-global-color-text ); font-family: var( --e-global-typography-text-font-family ), Sans-serif; font-size: var( --e-global-typography-text-font-size ); font-style: var( --e-global-typography-text-font-style ); font-weight: var( --e-global-typography-text-font-weight );\">RETENCI\u00d3N DE DATOS<\/span><br><\/p><p>Cuando realiza un pedido a trav\u00e9s del Sitio, mantendremos su Informaci\u00f3n de pedido en nuestros registros a menos que y hasta que nos solicite que eliminemos dicha informaci\u00f3n.<\/p>\n<p>MENORES<br>El Sitio no est\u00e1 destinado a personas menores de 18 a\u00f1os.<\/p>\n<p>CAMBIOS<br>Es posible que actualicemos esta pol\u00edtica de privacidad de vez en cuando para reflejar, por ejemplo, cambios en nuestras pr\u00e1cticas o por otras razones operativas, legales o regulatorias.<br>CONT\u00c1CTENOS<br>Para obtener m\u00e1s informaci\u00f3n sobre nuestras pr\u00e1cticas de privacidad, si tiene preguntas o si desea presentar una queja, cont\u00e1ctenos por correo electr\u00f3nico a info@publiexpert.mx o por correo postal utilizando los detalles que se proporcionan a continuaci\u00f3n:<\/p>\n<p>Adolfo L\u00f3pez Mateos, Huixquilucan, MEX, 52764, M\u00e9xico<\/p>\t\t\t\t\t\t\t\t<\/div>\n\t\t\t\t<\/div>\n\t\t\t\t\t<\/div>\n\t\t<\/div>\n\t\t\t\t\t<\/div>\n\t\t<\/section>\n\t\t\t\t<\/div>\n\t\t\n    <div class=\"xs_social_share_widget xs_share_url after_content \t\tmain_content  wslu-style-1 wslu-share-box-shaped wslu-fill-colored wslu-none wslu-share-horizontal wslu-theme-font-no wslu-main_content\">\n\n\t\t\n        <ul>\n\t\t\t        <\/ul>\n    <\/div>","protected":false},"excerpt":{"rendered":"<p>PubliExpert Privacy Policy This Privacy Policy describes how your personal information is collected, used, and shared when you visit or make a purchase from https:\/\/publiexpert.mx (the \u201cSite\u201d). PERSONAL INFORMATION WE COLLECT When you visit the Site, we automatically collect certain information about your device, including information about your web browser, IP address, time zone, and [&hellip;]<\/p>\n","protected":false},"author":1,"featured_media":0,"parent":0,"menu_order":0,"comment_status":"closed","ping_status":"closed","template":"","meta":{"footnotes":""},"class_list":["post-336","page","type-page","status-publish","hentry"],"_links":{"self":[{"href":"https:\/\/publiexpert.mx\/es\/wp-json\/wp\/v2\/pages\/336","targetHints":{"allow":["GET"]}}],"collection":[{"href":"https:\/\/publiexpert.mx\/es\/wp-json\/wp\/v2\/pages"}],"about":[{"href":"https:\/\/publiexpert.mx\/es\/wp-json\/wp\/v2\/types\/page"}],"author":[{"embeddable":true,"href":"https:\/\/publiexpert.mx\/es\/wp-json\/wp\/v2\/users\/1"}],"replies":[{"embeddable":true,"href":"https:\/\/publiexpert.mx\/es\/wp-json\/wp\/v2\/comments?post=336"}],"version-history":[{"count":0,"href":"https:\/\/publiexpert.mx\/es\/wp-json\/wp\/v2\/pages\/336\/revisions"}],"wp:attachment":[{"href":"https:\/\/publiexpert.mx\/es\/wp-json\/wp\/v2\/media?parent=336"}],"curies":[{"name":"gracias","href":"https:\/\/api.w.org\/{rel}","templated":true}]}}